{"id":82328,"date":"2025-01-16T19:12:51","date_gmt":"2025-01-16T18:12:51","guid":{"rendered":"https:\/\/www.equilibriohm.com\/?page_id=82328"},"modified":"2026-01-20T18:23:55","modified_gmt":"2026-01-20T17:23:55","slug":"formacion-yoga-aereo","status":"publish","type":"page","link":"https:\/\/www.equilibriohm.com\/?page_id=82328","title":{"rendered":"Formaci\u00f3n Yoga A\u00e9reo"},"content":{"rendered":"<p>[et_pb_section fb_built=\u00bb1&#8243; admin_label=\u00bbHeader\u00bb _builder_version=\u00bb4.27.4&#8243; _module_preset=\u00bbdefault\u00bb background_color=\u00bb#9b7dd5&#8243; global_colors_info=\u00bb{}\u00bb][et_pb_row _builder_version=\u00bb4.16&#8243; _module_preset=\u00bbdefault\u00bb global_colors_info=\u00bb{}\u00bb][et_pb_column type=\u00bb4_4&#8243; _builder_version=\u00bb4.16&#8243; _module_preset=\u00bbdefault\u00bb global_colors_info=\u00bb{}\u00bb][et_pb_text _builder_version=\u00bb4.27.4&#8243; _module_preset=\u00bbdefault\u00bb text_font=\u00bbSorts Mill Goudy||||||||\u00bb text_font_size=\u00bb120px\u00bb header_font=\u00bbCrimson Text||||||||\u00bb header_font_size=\u00bb120px\u00bb header_2_font=\u00bbSorts Mill Goudy||||||||\u00bb header_2_font_size=\u00bb90px\u00bb background_layout=\u00bbdark\u00bb max_width_last_edited=\u00bboff|desktop\u00bb header_font_size_tablet=\u00bb60px\u00bb header_font_size_phone=\u00bb30px\u00bb header_font_size_last_edited=\u00bbon|phone\u00bb header_line_height_tablet=\u00bb\u00bb header_line_height_phone=\u00bb1.2em\u00bb header_line_height_last_edited=\u00bbon|tablet\u00bb header_2_font_size_tablet=\u00bb90px\u00bb header_2_font_size_phone=\u00bb53px\u00bb header_2_font_size_last_edited=\u00bbon|phone\u00bb locked=\u00bboff\u00bb global_colors_info=\u00bb{}\u00bb]<\/p>\n<h2><strong>Formaci\u00f3n Yoga A\u00e9reo<\/strong><\/h2>\n<p>[\/et_pb_text][\/et_pb_column][\/et_pb_row][\/et_pb_section][et_pb_section fb_built=\u00bb1&#8243; admin_label=\u00bbCTA\u00bb _builder_version=\u00bb4.27.4&#8243; _module_preset=\u00bbdefault\u00bb background_color=\u00bbrgba(255,255,255,0.77)\u00bb background_image=\u00bbhttp:\/\/www.equilibriohm.com\/wp-content\/uploads\/2024\/10\/Vicky_Logo-04.png\u00bb background_size=\u00bbcontain\u00bb background_blend=\u00bblighten\u00bb locked=\u00bboff\u00bb global_colors_info=\u00bb{}\u00bb][et_pb_row column_structure=\u00bb1_2,1_2&#8243; make_equal=\u00bbon\u00bb _builder_version=\u00bb4.27.4&#8243; _module_preset=\u00bbdefault\u00bb max_width=\u00bb1660px\u00bb global_colors_info=\u00bb{}\u00bb][et_pb_column type=\u00bb1_2&#8243; _builder_version=\u00bb4.16&#8243; _module_preset=\u00bbdefault\u00bb global_colors_info=\u00bb{}\u00bb][et_pb_image src=\u00bbhttp:\/\/www.equilibriohm.com\/wp-content\/uploads\/2025\/09\/image2.jpeg\u00bb title_text=\u00bbimage2&#8243; _builder_version=\u00bb4.27.4&#8243; _module_preset=\u00bbdefault\u00bb custom_margin=\u00bb125px||0px||false|false\u00bb custom_margin_tablet=\u00bb0px||50px||false|false\u00bb custom_margin_phone=\u00bb\u00bb custom_margin_last_edited=\u00bbon|phone\u00bb border_width_all=\u00bb12px\u00bb border_color_all=\u00bb#9b7dd5&#8243; border_width_all_phone=\u00bb10px\u00bb border_width_all_last_edited=\u00bboff|desktop\u00bb locked=\u00bboff\u00bb global_colors_info=\u00bb{}\u00bb][\/et_pb_image][\/et_pb_column][et_pb_column type=\u00bb1_2&#8243; _builder_version=\u00bb4.16&#8243; _module_preset=\u00bbdefault\u00bb global_colors_info=\u00bb{}\u00bb][et_pb_text _builder_version=\u00bb4.27.4&#8243; _module_preset=\u00bbdefault\u00bb header_2_font=\u00bbSorts Mill Goudy|700|||||||\u00bb header_2_text_color=\u00bb#9b7dd5&#8243; header_2_font_size=\u00bb70px\u00bb max_width=\u00bb750px\u00bb module_alignment=\u00bbcenter\u00bb header_2_font_size_tablet=\u00bb42px\u00bb header_2_font_size_phone=\u00bb26px\u00bb header_2_font_size_last_edited=\u00bbon|phone\u00bb header_2_line_height_tablet=\u00bb\u00bb header_2_line_height_phone=\u00bb1.2em\u00bb header_2_line_height_last_edited=\u00bbon|phone\u00bb locked=\u00bboff\u00bb global_colors_info=\u00bb{}\u00bb]<\/p>\n<h2>\u00abDespliegas tus Alas\u00bb<\/h2>\n<p>[\/et_pb_text][et_pb_text _builder_version=\u00bb4.27.4&#8243; _module_preset=\u00bbdefault\u00bb text_font=\u00bbSorts Mill Goudy||||||||\u00bb text_text_color=\u00bb#000000&#8243; text_font_size=\u00bb18px\u00bb text_line_height=\u00bb1.8em\u00bb text_font_size_tablet=\u00bb\u00bb text_font_size_phone=\u00bb14px\u00bb text_font_size_last_edited=\u00bbon|phone\u00bb locked=\u00bboff\u00bb global_colors_info=\u00bb{}\u00bb]<\/p>\n<p>Esta formaci\u00f3n es una gu\u00eda para conocer y experimentar los principales tipos de columpio, sus semejanzas, diferencias y usos. Aprender las posturas clave, su funci\u00f3n y variaciones en diferentes alturas as\u00ed como c\u00f3mo estructurar una clase (transiciones y secuenciaci\u00f3n).<\/p>\n<p>Adem\u00e1s de todo lo anterior, introduciremos el Yin A\u00e9reo y el uso de la hamaca en su variante m\u00e1s restaurativa y su polo opuesto, el Yoga A\u00e9reo Acrob\u00e1tico.<\/p>\n<p>&nbsp;<\/p>\n<p>[\/et_pb_text][et_pb_text _builder_version=\u00bb4.27.4&#8243; _module_preset=\u00bbdefault\u00bb header_2_font=\u00bbSorts Mill Goudy|700|||||||\u00bb header_2_text_color=\u00bb#9b7dd5&#8243; header_2_font_size=\u00bb50px\u00bb max_width=\u00bb750px\u00bb module_alignment=\u00bbcenter\u00bb header_2_font_size_tablet=\u00bb42px\u00bb header_2_font_size_phone=\u00bb26px\u00bb header_2_font_size_last_edited=\u00bbon|phone\u00bb header_2_line_height_tablet=\u00bb\u00bb header_2_line_height_phone=\u00bb1.2em\u00bb header_2_line_height_last_edited=\u00bbon|phone\u00bb locked=\u00bboff\u00bb global_colors_info=\u00bb{}\u00bb]<\/p>\n<h2>\u00bfPorqu\u00e9 Formarte?<\/h2>\n<p>[\/et_pb_text][et_pb_text _builder_version=\u00bb4.27.4&#8243; _module_preset=\u00bbdefault\u00bb text_font=\u00bbSorts Mill Goudy||||||||\u00bb text_text_color=\u00bb#000000&#8243; text_font_size=\u00bb18px\u00bb text_line_height=\u00bb1.8em\u00bb text_font_size_tablet=\u00bb\u00bb text_font_size_phone=\u00bb14px\u00bb text_font_size_last_edited=\u00bbon|phone\u00bb locked=\u00bboff\u00bb global_colors_info=\u00bb{}\u00bb]<\/p>\n<p>El Yoga A\u00e9reo es una rama del yoga que integra diferentes estilos y tipos de yoga y usa el columpio como herramienta principal\u00a0 aportando con ello un extra de sensibilidad y versatilidad a la pr\u00e1ctica.<\/p>\n<p>En ocasiones, el columpio ser\u00e1 un facilitador, haciendo accesible determinadas posturas a la gran mayor\u00eda de practicantes. En otras, puede suponer un reto, incitando al practicante a dar su mejor versi\u00f3n.<\/p>\n<p>La formaci\u00f3n de Yoga A\u00e9reo te har\u00e1 distinguirte como profesor. Como alumn@, elevar\u00e1 tu pr\u00e1ctica y te proporcionar\u00e1 una nueva y refrescante visi\u00f3n y entendimiento del yoga.<\/p>\n<p>[\/et_pb_text][\/et_pb_column][\/et_pb_row][\/et_pb_section][et_pb_section fb_built=\u00bb1&#8243; admin_label=\u00bbClasses\u00bb _builder_version=\u00bb4.27.4&#8243; _module_preset=\u00bbdefault\u00bb background_color=\u00bb#FFFFFF\u00bb global_colors_info=\u00bb{}\u00bb][et_pb_row _builder_version=\u00bb4.16&#8243; _module_preset=\u00bbdefault\u00bb global_colors_info=\u00bb{}\u00bb][et_pb_column type=\u00bb4_4&#8243; _builder_version=\u00bb4.16&#8243; _module_preset=\u00bbdefault\u00bb global_colors_info=\u00bb{}\u00bb][et_pb_text _builder_version=\u00bb4.27.4&#8243; _module_preset=\u00bbdefault\u00bb header_2_font=\u00bbSorts Mill Goudy|700|||||||\u00bb header_2_text_color=\u00bb#9b7dd5&#8243; header_2_font_size=\u00bb80px\u00bb text_orientation=\u00bbcenter\u00bb max_width=\u00bb750px\u00bb module_alignment=\u00bbcenter\u00bb header_2_font_size_tablet=\u00bb42px\u00bb header_2_font_size_phone=\u00bb26px\u00bb header_2_font_size_last_edited=\u00bbon|phone\u00bb header_2_line_height_tablet=\u00bb\u00bb header_2_line_height_phone=\u00bb1.2em\u00bb header_2_line_height_last_edited=\u00bbon|phone\u00bb locked=\u00bboff\u00bb global_colors_info=\u00bb{}\u00bb]<\/p>\n<h2>Formato y Precios<\/h2>\n<p>[\/et_pb_text][\/et_pb_column][\/et_pb_row][et_pb_row _builder_version=\u00bb4.27.4&#8243; _module_preset=\u00bbdefault\u00bb global_colors_info=\u00bb{}\u00bb][et_pb_column type=\u00bb4_4&#8243; _builder_version=\u00bb4.27.4&#8243; _module_preset=\u00bbdefault\u00bb global_colors_info=\u00bb{}\u00bb][et_pb_text _builder_version=\u00bb4.27.4&#8243; _module_preset=\u00bbdefault\u00bb header_2_font=\u00bbSorts Mill Goudy|700|||||||\u00bb header_2_text_color=\u00bb#9b7dd5&#8243; header_2_font_size=\u00bb40px\u00bb text_orientation=\u00bbcenter\u00bb max_width=\u00bb750px\u00bb module_alignment=\u00bbcenter\u00bb header_2_font_size_tablet=\u00bb42px\u00bb header_2_font_size_phone=\u00bb26px\u00bb header_2_font_size_last_edited=\u00bbon|phone\u00bb header_2_line_height_tablet=\u00bb\u00bb header_2_line_height_phone=\u00bb1.2em\u00bb header_2_line_height_last_edited=\u00bbon|phone\u00bb locked=\u00bboff\u00bb global_colors_info=\u00bb{}\u00bb]<\/p>\n<h2>\u00bfA qui\u00e9n va dirigida la formaci\u00f3n?<\/h2>\n<p>[\/et_pb_text][et_pb_text _builder_version=\u00bb4.27.4&#8243; _module_preset=\u00bbdefault\u00bb text_font=\u00bbSorts Mill Goudy||||||||\u00bb text_text_color=\u00bb#000000&#8243; text_font_size=\u00bb17px\u00bb text_orientation=\u00bbcenter\u00bb global_colors_info=\u00bb{}\u00bb]<\/p>\n<p>Esta formaci\u00f3n est\u00e1 pensada para toda persona que busque un mayor entendimiento de la pr\u00e1ctica de yoga en suspensi\u00f3n y sus cimientos: Alumn@s que quieren profundizar en su pr\u00e1ctica,\u00a0 la estructura de las clases, la anatom\u00eda y el porqu\u00e9 de las posturas y profesionales del yoga y la salud f\u00edsica y mental que buscan diferenciarse y adquirir nuevas herramientas que complementen y enriquezcan sus ense\u00f1anzas con el uso del columpio.<\/p>\n<p>Al tratarse de una formaci\u00f3n fundamentalmente pr\u00e1ctica,\u00a0 se requiere un m\u00ednimo nivel f\u00edsico para cursarla. Aunque no es obligatorio ser profesor y\/o practicante de yoga y yoga a\u00e9reo, es beneficioso partir de unos conocimientos previos para una mayor fluidez en el columpio, por lo que realizaremos una entrevista de admisi\u00f3n previa para determinar si la formaci\u00f3n es apta para el\/la potencial alumno\/a.<\/p>\n<p>[\/et_pb_text][\/et_pb_column][\/et_pb_row][et_pb_row _builder_version=\u00bb4.27.4&#8243; _module_preset=\u00bbdefault\u00bb global_colors_info=\u00bb{}\u00bb disabled_on=\u00bbon|on|on\u00bb disabled=\u00bbon\u00bb][et_pb_column type=\u00bb4_4&#8243; _builder_version=\u00bb4.27.4&#8243; _module_preset=\u00bbdefault\u00bb global_colors_info=\u00bb{}\u00bb][et_pb_text _builder_version=\u00bb4.27.4&#8243; _module_preset=\u00bbdefault\u00bb header_2_font=\u00bbSorts Mill Goudy|700|||||||\u00bb header_2_text_color=\u00bb#9b7dd5&#8243; header_2_font_size=\u00bb40px\u00bb text_orientation=\u00bbcenter\u00bb max_width=\u00bb750px\u00bb module_alignment=\u00bbcenter\u00bb header_2_font_size_tablet=\u00bb42px\u00bb header_2_font_size_phone=\u00bb26px\u00bb header_2_font_size_last_edited=\u00bbon|phone\u00bb header_2_line_height_tablet=\u00bb\u00bb header_2_line_height_phone=\u00bb1.2em\u00bb header_2_line_height_last_edited=\u00bbon|phone\u00bb locked=\u00bboff\u00bb global_colors_info=\u00bb{}\u00bb]<\/p>\n<h2>Fines de semana 150h.<\/h2>\n<p>[\/et_pb_text][et_pb_accordion _builder_version=\u00bb4.27.4&#8243; _module_preset=\u00bbdefault\u00bb global_colors_info=\u00bb{}\u00bb][et_pb_accordion_item title=\u00bbFechas\u00bb open=\u00bbon\u00bb _builder_version=\u00bb4.27.4&#8243; _module_preset=\u00bbdefault\u00bb body_font=\u00bbSorts Mill Goudy|700|||||||\u00bb body_text_color=\u00bb#000000&#8243; body_font_size=\u00bb16px\u00bb global_colors_info=\u00bb{}\u00bb toggle_level=\u00bbh2&#8243; toggle_font=\u00bbSorts Mill Goudy||||||||\u00bb]<\/p>\n<p><span>14 y 15 de\u00a0<\/span><span>Febrero<\/span><\/p>\n<p><span>14 y 15 de\u00a0<\/span><span>Marzo<\/span><\/p>\n<p><span>11 y 12 de\u00a0<\/span><span>Abril<\/span><\/p>\n<p><span>16 y 17 de\u00a0<\/span><span>Mayo<\/span><\/p>\n<p>[\/et_pb_accordion_item][et_pb_accordion_item title=\u00bbIncluye\u00bb _builder_version=\u00bb4.27.4&#8243; _module_preset=\u00bbdefault\u00bb body_font=\u00bbSorts Mill Goudy|700|||||||\u00bb body_text_color=\u00bb#000000&#8243; body_font_size=\u00bb16px\u00bb global_colors_info=\u00bb{}\u00bb toggle_level=\u00bbh2&#8243; toggle_font=\u00bbSorts Mill Goudy||||||||\u00bb open=\u00bboff\u00bb]<\/p>\n<ul>\n<li>Formaci\u00f3n presencial 4 fines de semana \u00a0<\/li>\n<li>Dossier explicativo<\/li>\n<li>Acceso a la escuela online con m\u00e1s de 80h de clases durante un a\u00f1o<\/li>\n<li>Acompa\u00f1amiento previo, durante y al finalizar el proceso<\/li>\n<li>Opci\u00f3n de tutor\u00eda online para solventar dudas<\/li>\n<\/ul>\n<p>[\/et_pb_accordion_item][et_pb_accordion_item title=\u00bbPrecio\u00bb _builder_version=\u00bb4.27.4&#8243; _module_preset=\u00bbdefault\u00bb body_font=\u00bbSorts Mill Goudy|700|||||||\u00bb body_text_color=\u00bb#000000&#8243; body_font_size=\u00bb16px\u00bb global_colors_info=\u00bb{}\u00bb toggle_level=\u00bbh2&#8243; toggle_font=\u00bbSorts Mill Goudy||||||||\u00bb open=\u00bboff\u00bb]<\/p>\n<p><span>Precio de la formaci\u00f3n: 1295\u20ac. Oferta<\/span><span>\u00a0las 4 primeras reservas 1150<\/span><span>\u20ac (500\u20ac matr\u00edcula* + restante al comenzar la formaci\u00f3n). El pago de la formaci\u00f3n ser\u00e1\u00a0<\/span><span>\u00edntegro<\/span><span>\u00a0<wbr \/>independientemente de cursar todos los talleres. Para adquirir el certificado de formaci\u00f3n ser\u00e1 requisito obligatorio haber asistido a un\u00a0<\/span><span>m\u00ednimo<\/span><span>\u00a0de\u00a0<\/span><span>tres<\/span><span>\u00a0de los cuatro talleres.<\/span><\/p>\n<p>[\/et_pb_accordion_item][\/et_pb_accordion][\/et_pb_column][\/et_pb_row][et_pb_row _builder_version=\u00bb4.27.4&#8243; _module_preset=\u00bbdefault\u00bb global_colors_info=\u00bb{}\u00bb][et_pb_column type=\u00bb4_4&#8243; _builder_version=\u00bb4.27.4&#8243; _module_preset=\u00bbdefault\u00bb global_colors_info=\u00bb{}\u00bb][et_pb_text _builder_version=\u00bb4.27.4&#8243; _module_preset=\u00bbdefault\u00bb header_2_font=\u00bbSorts Mill Goudy|700|||||||\u00bb header_2_text_color=\u00bb#9b7dd5&#8243; header_2_font_size=\u00bb40px\u00bb text_orientation=\u00bbcenter\u00bb max_width=\u00bb750px\u00bb module_alignment=\u00bbcenter\u00bb header_2_font_size_tablet=\u00bb42px\u00bb header_2_font_size_phone=\u00bb26px\u00bb header_2_font_size_last_edited=\u00bbon|phone\u00bb header_2_line_height_tablet=\u00bb\u00bb header_2_line_height_phone=\u00bb1.2em\u00bb header_2_line_height_last_edited=\u00bbon|phone\u00bb locked=\u00bboff\u00bb global_colors_info=\u00bb{}\u00bb]<\/p>\n<h2>Intensivo de 100h.<\/h2>\n<p>[\/et_pb_text][et_pb_accordion _builder_version=\u00bb4.27.4&#8243; _module_preset=\u00bbdefault\u00bb global_colors_info=\u00bb{}\u00bb][et_pb_accordion_item title=\u00bbFechas\u00bb open=\u00bbon\u00bb _builder_version=\u00bb4.27.4&#8243; _module_preset=\u00bbdefault\u00bb body_font=\u00bbSorts Mill Goudy|700|||||||\u00bb body_text_color=\u00bb#000000&#8243; body_font_size=\u00bb16px\u00bb global_colors_info=\u00bb{}\u00bb toggle_level=\u00bbh2&#8243; toggle_font=\u00bbSorts Mill Goudy||||||||\u00bb]<\/p>\n<p><span>3 al 9 de Agosto (1 semana intensiva de lunes a domingo)<\/span><\/p>\n<p>[\/et_pb_accordion_item][et_pb_accordion_item title=\u00bbIncluye\u00bb _builder_version=\u00bb4.27.4&#8243; _module_preset=\u00bbdefault\u00bb body_font=\u00bbSorts Mill Goudy|700|||||||\u00bb body_text_color=\u00bb#000000&#8243; body_font_size=\u00bb16px\u00bb global_colors_info=\u00bb{}\u00bb toggle_level=\u00bbh2&#8243; toggle_font=\u00bbSorts Mill Goudy||||||||\u00bb open=\u00bboff\u00bb]<\/p>\n<ul>\n<li>Formaci\u00f3n presencial una semana intensiva\u00a0<\/li>\n<li>Dossier explicativo<\/li>\n<li>Acceso a la escuela online con m\u00e1s de 80j de clases durante un a\u00f1o<\/li>\n<li>Acompa\u00f1amiento pre, post y durante todo el proceso<\/li>\n<li>Posibilidad de tutor\u00eda online para solventar dudas<\/li>\n<li>Opci\u00f3n de alojamiento (extra y seg\u00fan disponibilidad)<\/li>\n<\/ul>\n<p>[\/et_pb_accordion_item][et_pb_accordion_item title=\u00bbPrecio\u00bb _builder_version=\u00bb4.27.4&#8243; _module_preset=\u00bbdefault\u00bb body_font=\u00bbSorts Mill Goudy|700|||||||\u00bb body_text_color=\u00bb#000000&#8243; body_font_size=\u00bb16px\u00bb global_colors_info=\u00bb{}\u00bb toggle_level=\u00bbh2&#8243; toggle_font=\u00bbSorts Mill Goudy||||||||\u00bb open=\u00bboff\u00bb]<\/p>\n<div><span>Precio de la formaci\u00f3n: 1150\u20ac (500\u20ac matr\u00edcula* + el pago restante al comienzo de la formaci\u00f3n).<\/span><\/div>\n<div><span>Precio Especial para las 4 primeras reservas 995\u20ac<\/span><br \/><span><\/span><span>Posibilidad de alojamiento por un suplemento de 300\u20ac (seg\u00fan disponibilidad)<\/span><\/div>\n<p>[\/et_pb_accordion_item][\/et_pb_accordion][\/et_pb_column][\/et_pb_row][\/et_pb_section]<\/p>\n","protected":false},"excerpt":{"rendered":"<p>Formaci\u00f3n Yoga A\u00e9reo\u00bbDespliegas tus Alas\u00bbEsta formaci\u00f3n es una gu\u00eda para conocer y experimentar los principales tipos de columpio, sus semejanzas, diferencias y usos. Aprender las posturas clave, su funci\u00f3n y variaciones en diferentes alturas as\u00ed como c\u00f3mo estructurar una clase (transiciones y secuenciaci\u00f3n). Adem\u00e1s de todo lo anterior, introduciremos el Yin A\u00e9reo y el uso [&hellip;]<\/p>\n","protected":false},"author":1,"featured_media":0,"parent":0,"menu_order":0,"comment_status":"closed","ping_status":"closed","template":"","meta":{"_et_pb_use_builder":"on","_et_pb_old_content":"","_et_gb_content_width":"","footnotes":""},"class_list":["post-82328","page","type-page","status-publish","hentry"],"_links":{"self":[{"href":"https:\/\/www.equilibriohm.com\/index.php?rest_route=\/wp\/v2\/pages\/82328","targetHints":{"allow":["GET"]}}],"collection":[{"href":"https:\/\/www.equilibriohm.com\/index.php?rest_route=\/wp\/v2\/pages"}],"about":[{"href":"https:\/\/www.equilibriohm.com\/index.php?rest_route=\/wp\/v2\/types\/page"}],"author":[{"embeddable":true,"href":"https:\/\/www.equilibriohm.com\/index.php?rest_route=\/wp\/v2\/users\/1"}],"replies":[{"embeddable":true,"href":"https:\/\/www.equilibriohm.com\/index.php?rest_route=%2Fwp%2Fv2%2Fcomments&post=82328"}],"version-history":[{"count":14,"href":"https:\/\/www.equilibriohm.com\/index.php?rest_route=\/wp\/v2\/pages\/82328\/revisions"}],"predecessor-version":[{"id":82524,"href":"https:\/\/www.equilibriohm.com\/index.php?rest_route=\/wp\/v2\/pages\/82328\/revisions\/82524"}],"wp:attachment":[{"href":"https:\/\/www.equilibriohm.com\/index.php?rest_route=%2Fwp%2Fv2%2Fmedia&parent=82328"}],"curies":[{"name":"wp","href":"https:\/\/api.w.org\/{rel}","templated":true}]}}