{"id":82333,"date":"2025-01-16T19:26:18","date_gmt":"2025-01-16T18:26:18","guid":{"rendered":"https:\/\/www.equilibriohm.com\/?page_id=82333"},"modified":"2026-01-13T17:07:52","modified_gmt":"2026-01-13T16:07:52","slug":"retiros","status":"publish","type":"page","link":"https:\/\/www.equilibriohm.com\/?page_id=82333","title":{"rendered":"Retiros"},"content":{"rendered":"<p>[et_pb_section fb_built=\u00bb1&#8243; admin_label=\u00bbHeader\u00bb _builder_version=\u00bb4.27.4&#8243; _module_preset=\u00bbdefault\u00bb background_color=\u00bb#9b7dd5&#8243; use_background_color_gradient=\u00bbon\u00bb background_color_gradient_direction=\u00bb90deg\u00bb background_color_gradient_stops=\u00bb#f9f9f9 0%|rgba(0,0,0,0) 100%\u00bb background_color_gradient_overlays_image=\u00bbon\u00bb background_color_gradient_start=\u00bb#f9f2ed\u00bb background_color_gradient_end=\u00bbrgba(0,0,0,0)\u00bb background_enable_image=\u00bboff\u00bb overflow-x=\u00bbhidden\u00bb overflow-y=\u00bbhidden\u00bb global_colors_info=\u00bb{}\u00bb][et_pb_row _builder_version=\u00bb4.16&#8243; _module_preset=\u00bbdefault\u00bb global_colors_info=\u00bb{}\u00bb][et_pb_column type=\u00bb4_4&#8243; _builder_version=\u00bb4.16&#8243; _module_preset=\u00bbdefault\u00bb global_colors_info=\u00bb{}\u00bb][et_pb_text _builder_version=\u00bb4.27.4&#8243; _module_preset=\u00bbdefault\u00bb header_font=\u00bbSorts Mill Goudy||||||||\u00bb header_text_color=\u00bb#9b7dd5&#8243; header_font_size=\u00bb120px\u00bb header_font_size_tablet=\u00bb60px\u00bb header_font_size_phone=\u00bb30px\u00bb header_font_size_last_edited=\u00bbon|phone\u00bb header_line_height_tablet=\u00bb\u00bb header_line_height_phone=\u00bb1.2em\u00bb header_line_height_last_edited=\u00bbon|tablet\u00bb locked=\u00bboff\u00bb global_colors_info=\u00bb{}\u00bb]<\/p>\n<h1>Retiros<\/h1>\n<p>[\/et_pb_text][et_pb_image src=\u00bbhttp:\/\/www.equilibriohm.com\/wp-content\/uploads\/2025\/01\/meditation-center-33.png\u00bb title_text=\u00bbmeditation-center-33&#8243; _builder_version=\u00bb4.16&#8243; _module_preset=\u00bbdefault\u00bb custom_margin=\u00bb-90px|||-300px|false|false\u00bb global_colors_info=\u00bb{}\u00bb][\/et_pb_image][\/et_pb_column][\/et_pb_row][\/et_pb_section][et_pb_section fb_built=\u00bb1&#8243; admin_label=\u00bbEvents\u00bb _builder_version=\u00bb4.16&#8243; _module_preset=\u00bbdefault\u00bb global_colors_info=\u00bb{}\u00bb][et_pb_row _builder_version=\u00bb4.16&#8243; _module_preset=\u00bbdefault\u00bb locked=\u00bboff\u00bb global_colors_info=\u00bb{}\u00bb][et_pb_column type=\u00bb4_4&#8243; _builder_version=\u00bb4.16&#8243; _module_preset=\u00bbdefault\u00bb global_colors_info=\u00bb{}\u00bb][et_pb_text _builder_version=\u00bb4.27.4&#8243; _module_preset=\u00bbdefault\u00bb header_2_font=\u00bbSorts Mill Goudy||||||||\u00bb header_2_text_color=\u00bb#9b7dd5&#8243; header_2_font_size=\u00bb80px\u00bb header_2_font_size_tablet=\u00bb42px\u00bb header_2_font_size_phone=\u00bb26px\u00bb header_2_font_size_last_edited=\u00bbon|phone\u00bb header_2_line_height_tablet=\u00bb\u00bb header_2_line_height_phone=\u00bb1.2em\u00bb header_2_line_height_last_edited=\u00bbon|phone\u00bb locked=\u00bboff\u00bb global_colors_info=\u00bb{}\u00bb]<\/p>\n<h2>Pr\u00f3ximos retiros<\/h2>\n<p>[\/et_pb_text][\/et_pb_column][\/et_pb_row][et_pb_row column_structure=\u00bb2_5,3_5&#8243; _builder_version=\u00bb4.27.4&#8243; _module_preset=\u00bbdefault\u00bb max_width=\u00bb1880px\u00bb global_colors_info=\u00bb{}\u00bb][et_pb_column type=\u00bb2_5&#8243; _builder_version=\u00bb4.16&#8243; _module_preset=\u00bbdefault\u00bb global_colors_info=\u00bb{}\u00bb][et_pb_text _builder_version=\u00bb4.27.5&#8243; _module_preset=\u00bbdefault\u00bb text_font=\u00bbCrimson Text||||||||\u00bb text_text_color=\u00bb#2a2a2a\u00bb text_font_size=\u00bb80px\u00bb text_line_height=\u00bb1em\u00bb custom_margin=\u00bb||10px||false|false\u00bb hover_enabled=\u00bb0&#8243; text_font_size_tablet=\u00bb48px\u00bb text_font_size_phone=\u00bb30px\u00bb text_font_size_last_edited=\u00bbon|phone\u00bb global_colors_info=\u00bb{}\u00bb sticky_enabled=\u00bb0&#8243;]<\/p>\n<p>2, 3, 4, 5<\/p>\n<p>[\/et_pb_text][et_pb_text _builder_version=\u00bb4.27.4&#8243; _module_preset=\u00bbdefault\u00bb text_font=\u00bbCrimson Text||||||||\u00bb text_font_size=\u00bb30px\u00bb text_line_height=\u00bb1.2em\u00bb text_font_size_tablet=\u00bb20px\u00bb text_font_size_phone=\u00bb16px\u00bb text_font_size_last_edited=\u00bbon|phone\u00bb global_colors_info=\u00bb{}\u00bb]<\/p>\n<p>Abril<\/p>\n<p>[\/et_pb_text][et_pb_image src=\u00bbhttp:\/\/www.equilibriohm.com\/wp-content\/uploads\/2026\/01\/WhatsApp-Image-2026-01-13-at-16.50.46.jpeg\u00bb title_text=\u00bbWhatsApp Image 2026-01-13 at 16.50.46&#8243; _builder_version=\u00bb4.27.5&#8243; _module_preset=\u00bbdefault\u00bb max_width=\u00bb54%\u00bb hover_enabled=\u00bb0&#8243; global_colors_info=\u00bb{}\u00bb sticky_enabled=\u00bb0&#8243;][\/et_pb_image][et_pb_text _builder_version=\u00bb4.27.5&#8243; _module_preset=\u00bbdefault\u00bb text_font=\u00bbCrimson Text||||||||\u00bb text_text_color=\u00bb#2a2a2a\u00bb text_font_size=\u00bb80px\u00bb text_line_height=\u00bb1em\u00bb custom_margin=\u00bb260px||10px||false|false\u00bb hover_enabled=\u00bb0&#8243; text_font_size_tablet=\u00bb48px\u00bb text_font_size_phone=\u00bb30px\u00bb text_font_size_last_edited=\u00bbon|phone\u00bb global_colors_info=\u00bb{}\u00bb sticky_enabled=\u00bb0&#8243;]<\/p>\n<p>25, 26, 27<\/p>\n<p>[\/et_pb_text][et_pb_text _builder_version=\u00bb4.27.4&#8243; _module_preset=\u00bbdefault\u00bb text_font=\u00bbCrimson Text||||||||\u00bb text_font_size=\u00bb30px\u00bb text_line_height=\u00bb1.2em\u00bb text_font_size_tablet=\u00bb20px\u00bb text_font_size_phone=\u00bb16px\u00bb text_font_size_last_edited=\u00bbon|phone\u00bb global_colors_info=\u00bb{}\u00bb]<\/p>\n<p>Abril<\/p>\n<p>[\/et_pb_text][et_pb_image src=\u00bbhttp:\/\/www.equilibriohm.com\/wp-content\/uploads\/2025\/02\/Copia-de-Copia-de-Informacion-Retiro-Raices-y-Alas-1080-x-1080-px.png\u00bb title_text=\u00bbCopia de Copia de Informaci\u00f3n Retiro Ra\u00edces y Alas (1080 x 1080 px)\u00bb _builder_version=\u00bb4.27.4&#8243; _module_preset=\u00bbdefault\u00bb max_width=\u00bb54%\u00bb global_colors_info=\u00bb{}\u00bb][\/et_pb_image][et_pb_text _builder_version=\u00bb4.27.4&#8243; _module_preset=\u00bbdefault\u00bb text_font=\u00bbCrimson Text||||||||\u00bb text_text_color=\u00bb#2a2a2a\u00bb text_font_size=\u00bb80px\u00bb text_line_height=\u00bb1em\u00bb custom_margin=\u00bb254px||10px||false|false\u00bb text_font_size_tablet=\u00bb48px\u00bb text_font_size_phone=\u00bb30px\u00bb text_font_size_last_edited=\u00bbon|phone\u00bb global_colors_info=\u00bb{}\u00bb]<\/p>\n<p>28, 29, 30<\/p>\n<p>[\/et_pb_text][et_pb_text _builder_version=\u00bb4.27.4&#8243; _module_preset=\u00bbdefault\u00bb text_font=\u00bbCrimson Text||||||||\u00bb text_font_size=\u00bb30px\u00bb text_line_height=\u00bb1.2em\u00bb text_font_size_tablet=\u00bb20px\u00bb text_font_size_phone=\u00bb16px\u00bb text_font_size_last_edited=\u00bbon|phone\u00bb global_colors_info=\u00bb{}\u00bb]<\/p>\n<p>Marzo<\/p>\n<p>[\/et_pb_text][et_pb_image src=\u00bbhttp:\/\/www.equilibriohm.com\/wp-content\/uploads\/2025\/02\/Copia-de-Come-Juega-Ama-5.png\u00bb title_text=\u00bbCopia de Come Juega Ama 5&#8243; _builder_version=\u00bb4.27.4&#8243; _module_preset=\u00bbdefault\u00bb max_width=\u00bb54%\u00bb global_colors_info=\u00bb{}\u00bb][\/et_pb_image][et_pb_text _builder_version=\u00bb4.27.4&#8243; _module_preset=\u00bbdefault\u00bb text_font=\u00bbCrimson Text||||||||\u00bb text_text_color=\u00bb#2a2a2a\u00bb text_font_size=\u00bb80px\u00bb text_line_height=\u00bb1em\u00bb custom_margin=\u00bb||10px||false|false\u00bb text_font_size_tablet=\u00bb48px\u00bb text_font_size_phone=\u00bb30px\u00bb text_font_size_last_edited=\u00bbon|phone\u00bb global_colors_info=\u00bb{}\u00bb]<\/p>\n<p>30, 31 y 1<\/p>\n<p>[\/et_pb_text][et_pb_text _builder_version=\u00bb4.27.4&#8243; _module_preset=\u00bbdefault\u00bb text_font=\u00bbCrimson Text||||||||\u00bb text_font_size=\u00bb30px\u00bb text_line_height=\u00bb1.2em\u00bb text_font_size_tablet=\u00bb20px\u00bb text_font_size_phone=\u00bb16px\u00bb text_font_size_last_edited=\u00bbon|phone\u00bb global_colors_info=\u00bb{}\u00bb]<\/p>\n<p>Mayo<\/p>\n<p>[\/et_pb_text][et_pb_image src=\u00bbhttp:\/\/www.equilibriohm.com\/wp-content\/uploads\/2025\/02\/Copia-de-Come-Juega-Ama-5-1.png\u00bb title_text=\u00bbCopia de Come Juega Ama 5 (1)\u00bb _builder_version=\u00bb4.27.4&#8243; _module_preset=\u00bbdefault\u00bb max_width=\u00bb54%\u00bb global_colors_info=\u00bb{}\u00bb][\/et_pb_image][\/et_pb_column][et_pb_column type=\u00bb3_5&#8243; _builder_version=\u00bb4.16&#8243; _module_preset=\u00bbdefault\u00bb global_colors_info=\u00bb{}\u00bb][et_pb_text _builder_version=\u00bb4.27.5&#8243; _module_preset=\u00bbdefault\u00bb header_3_font=\u00bbCrimson Text||||||||\u00bb header_3_font_size=\u00bb48px\u00bb header_3_line_height=\u00bb1.2em\u00bb custom_margin=\u00bb||10px||false|false\u00bb hover_enabled=\u00bb0&#8243; header_3_font_size_tablet=\u00bb30px\u00bb header_3_font_size_phone=\u00bb18px\u00bb header_3_font_size_last_edited=\u00bbon|phone\u00bb global_colors_info=\u00bb{}\u00bb sticky_enabled=\u00bb0&#8243;]<\/p>\n<h3><strong>ELLA<\/strong><\/h3>\n<p>[\/et_pb_text][et_pb_text _builder_version=\u00bb4.27.5&#8243; _module_preset=\u00bbdefault\u00bb text_font=\u00bbKarla||||||||\u00bb text_text_color=\u00bb#000000&#8243; text_font_size=\u00bb16px\u00bb text_line_height=\u00bb1.8em\u00bb hover_enabled=\u00bb0&#8243; text_font_size_tablet=\u00bb\u00bb text_font_size_phone=\u00bb14px\u00bb text_font_size_last_edited=\u00bbon|phone\u00bb locked=\u00bboff\u00bb global_colors_info=\u00bb{}\u00bb sticky_enabled=\u00bb0&#8243;]<\/p>\n<p>Este a\u00f1o provechamos la escapada de semana santa para viajar al sur de Extremadura.<\/p>\n<p>Des 2 al 5 de abril viajamos a la sierra de Badajoz para perdernos en un entorno \u00fanico y tranquilo en plena naturaleza.<\/p>\n<p>ELLA es un espacio para sanar la relaci\u00f3n con nosotras mismas y con otras mujeres poderosas, romper con la rivalidad,m y el enfrentamiento. Un lugar de sororidad en el que acercarte a ti y abrazar tu verdadero yo.<\/p>\n<p>A trav\u00e9s de la pr\u00e1ctica, el trabajo individual y el poder del grupo nos abriremos a la exploraci\u00f3n y autoconocimiento.<\/p>\n<p><strong>\u00bfQu\u00e9 incluye?<\/strong><\/p>\n<p>* 4 d\u00edas y 3 noches de alojamiento (de jueves a domingo) en un enclave m\u00e1gico en plena naturaleza<br \/>* Todas las comidas (men\u00fa vegetariano, pensado y elaborado con mucho amor)<br \/>* Pr\u00e1cticas de yoga, yoga a\u00e9reo, meditaci\u00f3n, arteterapia, expresi\u00f3n corporal, din\u00e1micas grupales e inmersi\u00f3n en la naturaleza<\/p>\n<p>[\/et_pb_text][et_pb_blurb title=\u00bb459 \u20ac\u00bb use_icon=\u00bbon\u00bb font_icon=\u00bb&#xf153;||fa||900&#8243; icon_color=\u00bb#9b7dd5&#8243; icon_placement=\u00bbleft\u00bb image_icon_width=\u00bb16px\u00bb content_max_width=\u00bb1100px\u00bb _builder_version=\u00bb4.27.5&#8243; _module_preset=\u00bbdefault\u00bb header_font=\u00bbKarla||||||||\u00bb header_font_size=\u00bb16px\u00bb custom_margin=\u00bb||10px||false|false\u00bb animation=\u00bboff\u00bb hover_enabled=\u00bb0&#8243; header_font_size_tablet=\u00bb\u00bb header_font_size_phone=\u00bb14px\u00bb header_font_size_last_edited=\u00bbon|phone\u00bb icon_font_size=\u00bb16px\u00bb locked=\u00bboff\u00bb global_colors_info=\u00bb{}\u00bb sticky_enabled=\u00bb0&#8243;][\/et_pb_blurb][et_pb_blurb title=\u00bbEn el sur de Extremadura\u00bb use_icon=\u00bbon\u00bb font_icon=\u00bb&#xe01d;||divi||400&#8243; icon_color=\u00bb#9b7dd5&#8243; icon_placement=\u00bbleft\u00bb image_icon_width=\u00bb16px\u00bb content_max_width=\u00bb1100px\u00bb _builder_version=\u00bb4.27.5&#8243; _module_preset=\u00bbdefault\u00bb header_font=\u00bbKarla||||||||\u00bb header_font_size=\u00bb16px\u00bb custom_margin=\u00bb||10px||false|false\u00bb animation=\u00bboff\u00bb hover_enabled=\u00bb0&#8243; header_font_size_tablet=\u00bb\u00bb header_font_size_phone=\u00bb14px\u00bb header_font_size_last_edited=\u00bbon|phone\u00bb icon_font_size=\u00bb16px\u00bb locked=\u00bboff\u00bb global_colors_info=\u00bb{}\u00bb sticky_enabled=\u00bb0&#8243;][\/et_pb_blurb][et_pb_text _builder_version=\u00bb4.27.4&#8243; _module_preset=\u00bbdefault\u00bb header_3_font=\u00bbCrimson Text||||||||\u00bb header_3_font_size=\u00bb48px\u00bb header_3_line_height=\u00bb1.2em\u00bb custom_margin=\u00bb||10px||false|false\u00bb header_3_font_size_tablet=\u00bb30px\u00bb header_3_font_size_phone=\u00bb18px\u00bb header_3_font_size_last_edited=\u00bbon|phone\u00bb global_colors_info=\u00bb{}\u00bb]<\/p>\n<h3><span>Ra\u00edces y Alas<\/span><\/h3>\n<p>[\/et_pb_text][et_pb_text _builder_version=\u00bb4.27.4&#8243; _module_preset=\u00bbdefault\u00bb text_font=\u00bbKarla||||||||\u00bb text_text_color=\u00bb#000000&#8243; text_font_size=\u00bb16px\u00bb text_line_height=\u00bb1.8em\u00bb text_font_size_tablet=\u00bb\u00bb text_font_size_phone=\u00bb14px\u00bb text_font_size_last_edited=\u00bbon|phone\u00bb locked=\u00bboff\u00bb global_colors_info=\u00bb{}\u00bb]<\/p>\n<div><span>Ra\u00edces y Alas ofrece un espacio para disfrutar de la naturaleza, conectar con el cuerpo, la pr\u00e1ctica, y hacer tribu. El regalo de dedicarnos el\u00a0<\/span><span>tiempo\u00a0<\/span><span>de cultivarnos<\/span><span>\u00a0<\/span><span>en cuerpo y mente.<\/span><span><\/span><\/div>\n<div><span>\u00a0<\/span><\/div>\n<div>\n<p><span>En plena primavera, disfrutando la calidez de sus d\u00edas y el momento de expansi\u00f3n y florecer de la naturaleza, aprovecharemos esta energ\u00eda de enraizamiento, para tomar tierra firme y el impulso necesario para abrir nuestras alas y volar alto.<\/p>\n<p>Una oportunidad para conectar no solo contigo,\u00a0sino SER y vivir el poder del grupo.<br \/><\/span><\/div>\n<div><span>\u00a0<\/span><\/div>\n<div><strong>\u00bfQu\u00e9 incluye?<\/strong><\/div>\n<div><span>\u00a0<\/span><\/div>\n<div><span>3 d\u00edas y 2 noches de alojamiento en un complejo m\u00e1gico en plena naturaleza<\/span><\/div>\n<div><span>H\u00e1bitos y alimentaci\u00f3n saludable\u00a0vegetariana, exquisita y de proximidad<\/span><\/div>\n<div><span>Pr\u00e1cticas diarias con diferentes tipos de yoga, yoga a\u00e9reo, meditaci\u00f3n y pranayama<\/span><\/div>\n<div><span>Din\u00e1micas para re-conectar mirar hacia dentro y beneficiarnos y formar parte del poder sanador del grupo<\/span><\/div>\n<div><span>Taller de Breathwork con Sonido<\/span><\/div>\n<p>[\/et_pb_text][et_pb_blurb title=\u00bbDesde 250 \u20ac\u00bb use_icon=\u00bbon\u00bb font_icon=\u00bb&#xf153;||fa||900&#8243; icon_color=\u00bb#9b7dd5&#8243; icon_placement=\u00bbleft\u00bb image_icon_width=\u00bb16px\u00bb content_max_width=\u00bb1100px\u00bb _builder_version=\u00bb4.27.4&#8243; _module_preset=\u00bbdefault\u00bb header_font=\u00bbKarla||||||||\u00bb header_font_size=\u00bb16px\u00bb custom_margin=\u00bb||10px||false|false\u00bb animation=\u00bboff\u00bb header_font_size_tablet=\u00bb\u00bb header_font_size_phone=\u00bb14px\u00bb header_font_size_last_edited=\u00bbon|phone\u00bb icon_font_size=\u00bb16px\u00bb locked=\u00bboff\u00bb global_colors_info=\u00bb{}\u00bb][\/et_pb_blurb][et_pb_blurb title=\u00bbLa Bre\u00f1a, Barbate (C\u00e1diz)\u00bb use_icon=\u00bbon\u00bb font_icon=\u00bb&#xe01d;||divi||400&#8243; icon_color=\u00bb#9b7dd5&#8243; icon_placement=\u00bbleft\u00bb image_icon_width=\u00bb16px\u00bb content_max_width=\u00bb1100px\u00bb _builder_version=\u00bb4.27.4&#8243; _module_preset=\u00bbdefault\u00bb header_font=\u00bbKarla||||||||\u00bb header_font_size=\u00bb16px\u00bb custom_margin=\u00bb||10px||false|false\u00bb animation=\u00bboff\u00bb header_font_size_tablet=\u00bb\u00bb header_font_size_phone=\u00bb14px\u00bb header_font_size_last_edited=\u00bbon|phone\u00bb icon_font_size=\u00bb16px\u00bb locked=\u00bboff\u00bb global_colors_info=\u00bb{}\u00bb][\/et_pb_blurb][et_pb_text _builder_version=\u00bb4.27.4&#8243; _module_preset=\u00bbdefault\u00bb header_3_font=\u00bbCrimson Text||||||||\u00bb header_3_font_size=\u00bb48px\u00bb header_3_line_height=\u00bb1.2em\u00bb custom_margin=\u00bb||10px||false|false\u00bb header_3_font_size_tablet=\u00bb30px\u00bb header_3_font_size_phone=\u00bb18px\u00bb header_3_font_size_last_edited=\u00bbon|phone\u00bb global_colors_info=\u00bb{}\u00bb]<\/p>\n<h3>Come, juega y ama VI<\/h3>\n<p>[\/et_pb_text][et_pb_text _builder_version=\u00bb4.27.4&#8243; _module_preset=\u00bbdefault\u00bb text_font=\u00bbKarla||||||||\u00bb text_text_color=\u00bb#000000&#8243; text_font_size=\u00bb16px\u00bb text_line_height=\u00bb1.8em\u00bb text_font_size_tablet=\u00bb\u00bb text_font_size_phone=\u00bb14px\u00bb text_font_size_last_edited=\u00bbon|phone\u00bb locked=\u00bboff\u00bb global_colors_info=\u00bb{}\u00bb]<\/p>\n<p>\u201cCome-Juega-Ama\u00bb es nuestro retiro m\u00e1s popular, este es un retiro para divertirse, soltar y fluir con los elementos.<\/p>\n<p>Desde el Fuego del soleado paraje en el que nos alojaremos en el Palmar (C\u00e1diz); el Agua, cabalgando sus olas durante las clases de surf, a volar los Aires gracias al columpio en Yoga A\u00e9reo y, por supuesto, volver a sentir la Tierra en las pr\u00e1cticas de Yoga Suelo y Meditaci\u00f3n.<\/p>\n<p><strong>\u00bfQu\u00e9 incluye?<\/strong><\/p>\n<p>3 d\u00edas y 2 noches de alojamiento junto al mar, exquisitas comidas desde la cena del viernes al almuerzo del domingo, clases de surf, yoga y bungee (material incluido)<\/p>\n<p>Masterclass yoga a\u00e9reo en parejas<\/p>\n<p>[\/et_pb_text][et_pb_blurb title=\u00bb350 \u20ac\u00bb use_icon=\u00bbon\u00bb font_icon=\u00bb&#xf153;||fa||900&#8243; icon_color=\u00bb#9b7dd5&#8243; icon_placement=\u00bbleft\u00bb image_icon_width=\u00bb16px\u00bb content_max_width=\u00bb1100px\u00bb _builder_version=\u00bb4.27.4&#8243; _module_preset=\u00bbdefault\u00bb header_font=\u00bbKarla||||||||\u00bb header_font_size=\u00bb16px\u00bb custom_margin=\u00bb||10px||false|false\u00bb animation=\u00bboff\u00bb header_font_size_tablet=\u00bb\u00bb header_font_size_phone=\u00bb14px\u00bb header_font_size_last_edited=\u00bbon|phone\u00bb icon_font_size=\u00bb16px\u00bb locked=\u00bboff\u00bb global_colors_info=\u00bb{}\u00bb][\/et_pb_blurb][et_pb_blurb title=\u00bbEl Palmar, C\u00e1diz\u00bb use_icon=\u00bbon\u00bb font_icon=\u00bb&#xe01d;||divi||400&#8243; icon_color=\u00bb#9b7dd5&#8243; icon_placement=\u00bbleft\u00bb image_icon_width=\u00bb16px\u00bb content_max_width=\u00bb1100px\u00bb _builder_version=\u00bb4.27.4&#8243; _module_preset=\u00bbdefault\u00bb header_font=\u00bbKarla||||||||\u00bb header_font_size=\u00bb16px\u00bb custom_margin=\u00bb||10px||false|false\u00bb animation=\u00bboff\u00bb header_font_size_tablet=\u00bb\u00bb header_font_size_phone=\u00bb14px\u00bb header_font_size_last_edited=\u00bbon|phone\u00bb icon_font_size=\u00bb16px\u00bb locked=\u00bboff\u00bb global_colors_info=\u00bb{}\u00bb][\/et_pb_blurb][\/et_pb_column][\/et_pb_row][\/et_pb_section]<\/p>\n","protected":false},"excerpt":{"rendered":"<p>RetirosPr\u00f3ximos retiros2, 3, 4, 5Abril25, 26, 27Abril28, 29, 30Marzo30, 31 y 1MayoELLAEste a\u00f1o provechamos la escapada de semana santa para viajar al sur de Extremadura. Des 2 al 5 de abril viajamos a la sierra de Badajoz para perdernos en un entorno \u00fanico y tranquilo en plena naturaleza. ELLA es un espacio para sanar la [&hellip;]<\/p>\n","protected":false},"author":1,"featured_media":0,"parent":0,"menu_order":0,"comment_status":"closed","ping_status":"closed","template":"","meta":{"_et_pb_use_builder":"on","_et_pb_old_content":"","_et_gb_content_width":"","footnotes":""},"class_list":["post-82333","page","type-page","status-publish","hentry"],"_links":{"self":[{"href":"https:\/\/www.equilibriohm.com\/index.php?rest_route=\/wp\/v2\/pages\/82333","targetHints":{"allow":["GET"]}}],"collection":[{"href":"https:\/\/www.equilibriohm.com\/index.php?rest_route=\/wp\/v2\/pages"}],"about":[{"href":"https:\/\/www.equilibriohm.com\/index.php?rest_route=\/wp\/v2\/types\/page"}],"author":[{"embeddable":true,"href":"https:\/\/www.equilibriohm.com\/index.php?rest_route=\/wp\/v2\/users\/1"}],"replies":[{"embeddable":true,"href":"https:\/\/www.equilibriohm.com\/index.php?rest_route=%2Fwp%2Fv2%2Fcomments&post=82333"}],"version-history":[{"count":10,"href":"https:\/\/www.equilibriohm.com\/index.php?rest_route=\/wp\/v2\/pages\/82333\/revisions"}],"predecessor-version":[{"id":82509,"href":"https:\/\/www.equilibriohm.com\/index.php?rest_route=\/wp\/v2\/pages\/82333\/revisions\/82509"}],"wp:attachment":[{"href":"https:\/\/www.equilibriohm.com\/index.php?rest_route=%2Fwp%2Fv2%2Fmedia&parent=82333"}],"curies":[{"name":"wp","href":"https:\/\/api.w.org\/{rel}","templated":true}]}}