{"id":82547,"date":"2026-05-03T17:29:08","date_gmt":"2026-05-03T15:29:08","guid":{"rendered":"https:\/\/www.equilibriohm.com\/?page_id=82547"},"modified":"2026-05-03T17:29:34","modified_gmt":"2026-05-03T15:29:34","slug":"embarazo-y-postparto","status":"publish","type":"page","link":"https:\/\/www.equilibriohm.com\/?page_id=82547","title":{"rendered":"Embarazo y Postparto"},"content":{"rendered":"<p>[et_pb_section fb_built=\u00bb1&#8243; admin_label=\u00bbHeader\u00bb _builder_version=\u00bb4.27.4&#8243; _module_preset=\u00bbdefault\u00bb background_color=\u00bb#9b7dd5&#8243; global_colors_info=\u00bb{}\u00bb][et_pb_row _builder_version=\u00bb4.16&#8243; _module_preset=\u00bbdefault\u00bb global_colors_info=\u00bb{}\u00bb][et_pb_column type=\u00bb4_4&#8243; _builder_version=\u00bb4.16&#8243; _module_preset=\u00bbdefault\u00bb global_colors_info=\u00bb{}\u00bb][et_pb_text _builder_version=\u00bb4.27.6&#8243; _module_preset=\u00bbdefault\u00bb text_font=\u00bbSorts Mill Goudy||||||||\u00bb text_font_size=\u00bb120px\u00bb header_font=\u00bbCrimson Text||||||||\u00bb header_font_size=\u00bb120px\u00bb header_2_font=\u00bbSorts Mill Goudy||||||||\u00bb header_2_font_size=\u00bb90px\u00bb background_layout=\u00bbdark\u00bb max_width_last_edited=\u00bboff|desktop\u00bb hover_enabled=\u00bb0&#8243; header_font_size_tablet=\u00bb60px\u00bb header_font_size_phone=\u00bb30px\u00bb header_font_size_last_edited=\u00bbon|phone\u00bb header_line_height_tablet=\u00bb\u00bb header_line_height_phone=\u00bb1.2em\u00bb header_line_height_last_edited=\u00bbon|tablet\u00bb header_2_font_size_tablet=\u00bb90px\u00bb header_2_font_size_phone=\u00bb53px\u00bb header_2_font_size_last_edited=\u00bbon|phone\u00bb locked=\u00bboff\u00bb global_colors_info=\u00bb{}\u00bb sticky_enabled=\u00bb0&#8243;]<\/p>\n<h2 style=\"text-align: center;\"><strong>Embarazo y Postparto<\/strong><\/h2>\n<p>[\/et_pb_text][\/et_pb_column][\/et_pb_row][\/et_pb_section][et_pb_section fb_built=\u00bb1&#8243; admin_label=\u00bbCTA\u00bb _builder_version=\u00bb4.27.4&#8243; _module_preset=\u00bbdefault\u00bb background_color=\u00bbrgba(255,255,255,0.77)\u00bb background_image=\u00bbhttp:\/\/www.equilibriohm.com\/wp-content\/uploads\/2024\/10\/Vicky_Logo-04.png\u00bb background_size=\u00bbcontain\u00bb background_blend=\u00bblighten\u00bb locked=\u00bboff\u00bb global_colors_info=\u00bb{}\u00bb][et_pb_row column_structure=\u00bb1_2,1_2&#8243; make_equal=\u00bbon\u00bb _builder_version=\u00bb4.27.6&#8243; _module_preset=\u00bbdefault\u00bb max_width=\u00bb1660px\u00bb global_colors_info=\u00bb{}\u00bb][et_pb_column type=\u00bb1_2&#8243; _builder_version=\u00bb4.16&#8243; _module_preset=\u00bbdefault\u00bb global_colors_info=\u00bb{}\u00bb][et_pb_text _builder_version=\u00bb4.27.6&#8243; _module_preset=\u00bbdefault\u00bb header_2_font=\u00bbSorts Mill Goudy|700|||||||\u00bb header_2_text_color=\u00bb#9b7dd5&#8243; header_2_font_size=\u00bb70px\u00bb max_width=\u00bb750px\u00bb module_alignment=\u00bbcenter\u00bb header_2_font_size_tablet=\u00bb42px\u00bb header_2_font_size_phone=\u00bb26px\u00bb header_2_font_size_last_edited=\u00bbon|phone\u00bb header_2_line_height_tablet=\u00bb\u00bb header_2_line_height_phone=\u00bb1.2em\u00bb header_2_line_height_last_edited=\u00bbon|phone\u00bb locked=\u00bboff\u00bb global_colors_info=\u00bb{}\u00bb]<\/p>\n<h2>\u00abYoga A\u00e9reo para embarazadas\u00bb<\/h2>\n<p>[\/et_pb_text][et_pb_text _builder_version=\u00bb4.27.6&#8243; _module_preset=\u00bbdefault\u00bb text_font=\u00bbSorts Mill Goudy||||||||\u00bb text_text_color=\u00bb#000000&#8243; text_font_size=\u00bb18px\u00bb text_line_height=\u00bb1.8em\u00bb text_font_size_tablet=\u00bb\u00bb text_font_size_phone=\u00bb14px\u00bb text_font_size_last_edited=\u00bbon|phone\u00bb locked=\u00bboff\u00bb global_colors_info=\u00bb{}\u00bb]<\/p>\n<p>El yoga a\u00e9reo prenatal es una pr\u00e1ctica de yoga adaptada para mujeres embarazadas que<br \/>combina el trabajo f\u00edsico, ejercicios de respiraci\u00f3n espec\u00edficos de preparaci\u00f3n al parto y<br \/>meditaciones e hipnoparto para mejorar la salud f\u00edsica, mental y emocional de la mujer.<br \/>Ayuda a prevenir y aliviar molestias del embarazo y preparar el cuerpo y la mente para el parto, fomenta la conexi\u00f3n madre-beb\u00e9 y reduce el estr\u00e9s.<br \/>A nivel f\u00edsico nos focalizamos en la flexibilidad, la movilidad, la circulaci\u00f3n y la fuerza utilizando accesorios y el columpio para facilitar la adaptaci\u00f3n de la pr\u00e1ctica a cada mujer y trimestre, en nuestras clases de yoga a\u00e9reo prenatal, adem\u00e1s, realizaremos un acompa\u00f1amiento hol\u00edstico recordando a esa futura madre todo eso que ya habita en ella para afrontar ese momento tan \u00fanico y especial.<\/p>\n<p>[\/et_pb_text][\/et_pb_column][et_pb_column type=\u00bb1_2&#8243; _builder_version=\u00bb4.16&#8243; _module_preset=\u00bbdefault\u00bb global_colors_info=\u00bb{}\u00bb][et_pb_text _builder_version=\u00bb4.27.6&#8243; _module_preset=\u00bbdefault\u00bb header_2_font=\u00bbSorts Mill Goudy|700|||||||\u00bb header_2_text_color=\u00bb#9b7dd5&#8243; header_2_font_size=\u00bb50px\u00bb max_width=\u00bb750px\u00bb module_alignment=\u00bbcenter\u00bb header_2_font_size_tablet=\u00bb42px\u00bb header_2_font_size_phone=\u00bb26px\u00bb header_2_font_size_last_edited=\u00bbon|phone\u00bb header_2_line_height_tablet=\u00bb\u00bb header_2_line_height_phone=\u00bb1.2em\u00bb header_2_line_height_last_edited=\u00bbon|phone\u00bb locked=\u00bboff\u00bb global_colors_info=\u00bb{}\u00bb]<\/p>\n<h2>Algunos de los beneficios del Yoga A\u00e9reo para Embarazadas es:<\/h2>\n<p>[\/et_pb_text][et_pb_text _builder_version=\u00bb4.27.6&#8243; _module_preset=\u00bbdefault\u00bb text_font=\u00bbSorts Mill Goudy||||||||\u00bb text_text_color=\u00bb#000000&#8243; text_font_size=\u00bb18px\u00bb text_line_height=\u00bb1.8em\u00bb text_font_size_tablet=\u00bb\u00bb text_font_size_phone=\u00bb14px\u00bb text_font_size_last_edited=\u00bbon|phone\u00bb locked=\u00bboff\u00bb global_colors_info=\u00bb{}\u00bb]<\/p>\n<p>&#8211; Acompa\u00f1amiento espec\u00edfico en grupos reducidos<br \/>&#8211; Prevenir y aliviar molestias del embarazo y preparar el cuerpo y la mente para el parto<br \/>&#8211; Fomentar la conexi\u00f3n madre-beb\u00e9<br \/>&#8211; Informaci\u00f3n, aprendizaje, revisar y superar posibles miedos y dudas que me puedan abordar durante este proceso<br \/>&#8211; Conocer y compartir con otras futuras mamis que se encuentran en este mismo momento vital.<br \/>\u00a0 a todo lo anterior, \u00a1a\u00f1adir el uso del columpio como un elemento fant\u00e1stico en la adaptaci\u00f3n de la pr\u00e1ctica de nuestras barriguitas voladoras!<\/p>\n<p>[\/et_pb_text][\/et_pb_column][\/et_pb_row][\/et_pb_section][et_pb_section fb_built=\u00bb1&#8243; admin_label=\u00bbClasses\u00bb _builder_version=\u00bb4.27.4&#8243; _module_preset=\u00bbdefault\u00bb background_color=\u00bb#FFFFFF\u00bb global_colors_info=\u00bb{}\u00bb][et_pb_row _builder_version=\u00bb4.16&#8243; _module_preset=\u00bbdefault\u00bb global_colors_info=\u00bb{}\u00bb][et_pb_column type=\u00bb4_4&#8243; _builder_version=\u00bb4.16&#8243; _module_preset=\u00bbdefault\u00bb global_colors_info=\u00bb{}\u00bb][et_pb_text _builder_version=\u00bb4.27.6&#8243; _module_preset=\u00bbdefault\u00bb header_2_font=\u00bbSorts Mill Goudy|700|||||||\u00bb header_2_text_color=\u00bb#9b7dd5&#8243; header_2_font_size=\u00bb80px\u00bb text_orientation=\u00bbcenter\u00bb max_width=\u00bb750px\u00bb module_alignment=\u00bbcenter\u00bb header_2_font_size_tablet=\u00bb42px\u00bb header_2_font_size_phone=\u00bb26px\u00bb header_2_font_size_last_edited=\u00bbon|phone\u00bb header_2_line_height_tablet=\u00bb\u00bb header_2_line_height_phone=\u00bb1.2em\u00bb header_2_line_height_last_edited=\u00bbon|phone\u00bb locked=\u00bboff\u00bb global_colors_info=\u00bb{}\u00bb]<\/p>\n<h2>Yoga postnatal con beb\u00e9 e hipopresivos<\/h2>\n<p>[\/et_pb_text][\/et_pb_column][\/et_pb_row][et_pb_row _builder_version=\u00bb4.27.4&#8243; _module_preset=\u00bbdefault\u00bb global_colors_info=\u00bb{}\u00bb][et_pb_column type=\u00bb4_4&#8243; _builder_version=\u00bb4.27.4&#8243; _module_preset=\u00bbdefault\u00bb global_colors_info=\u00bb{}\u00bb][et_pb_text _builder_version=\u00bb4.27.6&#8243; _module_preset=\u00bbdefault\u00bb text_font=\u00bbSorts Mill Goudy||||||||\u00bb text_text_color=\u00bb#000000&#8243; text_font_size=\u00bb17px\u00bb text_orientation=\u00bbcenter\u00bb global_colors_info=\u00bb{}\u00bb]<\/p>\n<p>El <strong>Yoga Postnatal<\/strong> es una experiencia para las recientes mamis, un acompa\u00f1amiento durante el<br \/>gran olvidado postparto. Durante las clases de yoga postnatal nos tomaremos el tiempo para<br \/>reconectar con nuestro cuerpo y la rutina sin necesidad de separarnos de nuestro beb\u00e9.<\/p>\n<p>En Yoga Postnatal trabajaremos suelo p\u00e9lvico, fuerza, movilidad y flexibilidad, con hipopresivos<br \/>y utilizando el peso de nuestro propio beb\u00e9 y\/o la ayuda de otros accesorios.<\/p>\n<p>Adem\u00e1s, buscamos crear un espacio de <strong>TRIBU, SORORIDAD, LIBRE de JUICIOS<\/strong> en el que<br \/>conectar contigo, tu beb\u00e9 y otras mujeres que pueden estar pasando por procesos y<br \/>experiencias parecidas.<br \/><strong>\u00a1La pr\u00e1ctica f\u00edsica ser\u00e1 solo el puente para juntarnos!<\/strong><\/p>\n<p>[\/et_pb_text][\/et_pb_column][\/et_pb_row][\/et_pb_section]<\/p>\n","protected":false},"excerpt":{"rendered":"<p>Embarazo y Postparto\u00bbYoga A\u00e9reo para embarazadas\u00bbEl yoga a\u00e9reo prenatal es una pr\u00e1ctica de yoga adaptada para mujeres embarazadas quecombina el trabajo f\u00edsico, ejercicios de respiraci\u00f3n espec\u00edficos de preparaci\u00f3n al parto ymeditaciones e hipnoparto para mejorar la salud f\u00edsica, mental y emocional de la mujer.Ayuda a prevenir y aliviar molestias del embarazo y preparar el cuerpo [&hellip;]<\/p>\n","protected":false},"author":1,"featured_media":0,"parent":0,"menu_order":0,"comment_status":"closed","ping_status":"closed","template":"","meta":{"_et_pb_use_builder":"on","_et_pb_old_content":"","_et_gb_content_width":"","footnotes":""},"class_list":["post-82547","page","type-page","status-publish","hentry"],"_links":{"self":[{"href":"https:\/\/www.equilibriohm.com\/index.php?rest_route=\/wp\/v2\/pages\/82547","targetHints":{"allow":["GET"]}}],"collection":[{"href":"https:\/\/www.equilibriohm.com\/index.php?rest_route=\/wp\/v2\/pages"}],"about":[{"href":"https:\/\/www.equilibriohm.com\/index.php?rest_route=\/wp\/v2\/types\/page"}],"author":[{"embeddable":true,"href":"https:\/\/www.equilibriohm.com\/index.php?rest_route=\/wp\/v2\/users\/1"}],"replies":[{"embeddable":true,"href":"https:\/\/www.equilibriohm.com\/index.php?rest_route=%2Fwp%2Fv2%2Fcomments&post=82547"}],"version-history":[{"count":4,"href":"https:\/\/www.equilibriohm.com\/index.php?rest_route=\/wp\/v2\/pages\/82547\/revisions"}],"predecessor-version":[{"id":82553,"href":"https:\/\/www.equilibriohm.com\/index.php?rest_route=\/wp\/v2\/pages\/82547\/revisions\/82553"}],"wp:attachment":[{"href":"https:\/\/www.equilibriohm.com\/index.php?rest_route=%2Fwp%2Fv2%2Fmedia&parent=82547"}],"curies":[{"name":"wp","href":"https:\/\/api.w.org\/{rel}","templated":true}]}}